{"id":4236,"date":"2020-09-16T13:58:42","date_gmt":"2020-09-16T13:58:42","guid":{"rendered":"http:\/\/ospitalia.org\/?page_id=4236"},"modified":"2020-09-16T14:00:24","modified_gmt":"2020-09-16T14:00:24","slug":"privacy-policy","status":"publish","type":"page","link":"https:\/\/ospitalia.org\/index.php\/privacy-policy\/","title":{"rendered":"Privacy Policy"},"content":{"rendered":"<div class=\"fusion-fullwidth fullwidth-box fusion-builder-row-1 nonhundred-percent-fullwidth non-hundred-percent-height-scrolling fusion-equal-height-columns\"  style='background-color: rgba(255,255,255,0);background-position: center top;background-repeat: no-repeat;padding-top:120px;padding-right:0px;padding-bottom:120px;padding-left:0px;'><div class=\"fusion-builder-row fusion-row \"><div  class=\"fusion-layout-column fusion_builder_column fusion_builder_column_1_1 fusion-builder-column-0 fusion-one-full fusion-column-first fusion-column-last 1_1\"  style='margin-top:0px;margin-bottom:0px;'><div class=\"fusion-column-wrapper\" style=\"padding: 0px 0px 0px 0px;background-position:left top;background-repeat:no-repeat;-webkit-background-size:cover;-moz-background-size:cover;-o-background-size:cover;background-size:cover;\"   data-bg-url=\"\"><div class=\"fusion-column-content-centered\"><div class=\"fusion-column-content\"><div class=\"fusion-text\"><p>INFORMATIVA RESA AI SENSI DEGLI ART. 13 DEL GDPR (GENERAL DATA PROTECTION REGULATION) 2016\/679 ED AI SENSI DELL\u2019ART.13 DEL D.LG. N. 196\/2003 &#8211; CODICE IN MATERIA DI PROTEZIONE DEI DATI PERSONALI.<\/p>\n<h3>1. Introduzione<\/h3>\n<p>In Activart Srl la privacy e la sicurezza dei dati dei nostri clienti, fornitori, visitatori e dipendenti sono di fondamentale importanza. Activart Srl si impegna a proteggere i dati che condividi con noi. Questa informativa sulla privacy spiega come Activart Srl elabora le informazioni che possono essere utilizzate per identificare direttamente o indirettamente un individuo (&#8220;Dati personali&#8221;) raccolti attraverso l&#8217;uso del suo sito Web.<\/p>\n<p>Tutte le informazioni memorizzate sul sito web di Activart Srl sono considerate riservate. Tutte le informazioni sono memorizzate in modo sicuro e sono accessibili solo al personale autorizzato. Activart Srl implementa e mantiene appropriate misure tecniche, di sicurezza e organizzative per proteggere i Dati personali da elaborazioni e utilizzi non autorizzati o illeciti e da perdite accidentali, distruzione, danneggiamento, furto o divulgazione.<\/p>\n<h3>2. Titolare del trattamento<\/h3>\n<p>Il presente sito web \u00e8 di propriet\u00e0 di Activart Srl, che \u00e8 il titolare del trattamento dei dati, con sede in via Don Galli, 14 20852 Villasanta (MB) Italia, partita IVA n. 03101260960.<\/p>\n<h3>3. Luogo di elaborazione dei dati<\/h3>\n<p>I Dati sono trattati presso le sedi operative del Titolare ed in ogni altro luogo in cui le parti coinvolte nel trattamento siano localizzate. Il trattamento dei dati raccolti durante la navigazione del sito web e dei dati forniti dagli utenti registrati alle aree riservate viene effettuato presso gli uffici operativi di Activart Srl.\u00a0 In caso di necessit\u00e0, i dati connessi al servizio newsletter possono essere trattati dal personale della societ\u00e0 che cura la manutenzione della parte tecnologica del sito,Mailchimp Inc (responsabile del trattamento ai sensi dell&#8217;articolo 29 del Codice in materia di protezione dei dati personali), presso la sede della societ\u00e0 medesima.<\/p>\n<h3>4. Tipologia di dati trattati e finalit\u00e0<\/h3>\n<p>4.1 Dati di navigazione<\/p>\n<p>I sistemi informatici e le procedure software preposte al funzionamento di questo sito web acquisiscono, nel corso del loro normale esercizio, alcuni dati personali la cui trasmissione \u00e8 implicita nell&#8217;uso dei protocolli di comunicazione di Internet.<\/p>\n<p>Si tratta di informazioni che non sono raccolte per essere associate a interessati identificati, ma che per loro stessa natura potrebbero, attraverso elaborazioni ed associazioni con dati detenuti da terzi, permettere di identificare gli utenti.<\/p>\n<p>In questa categoria di dati rientrano gli indirizzi IP o i nomi a dominio dei computer utilizzati dagli utenti che si connettono al sito, gli indirizzi in notazione URI (Uniform Resource Identifier) delle risorse richieste, l&#8217;orario della richiesta, il metodo utilizzato nel sottoporre la richiesta al server, la dimensione del file ottenuto in risposta, il codice numerico indicante lo stato della risposta data dal server (buon fine, errore, ecc.) ed altri parametri relativi al sistema operativo e all&#8217;ambiente informatico dell&#8217;utente.<\/p>\n<p>Questi dati vengono utilizzati al solo fine di ricavare informazioni statistiche anonime sull&#8217;uso del sito e per controllarne il corretto funzionamento e vengono cancellati immediatamente dopo l&#8217;elaborazione. I dati potrebbero essere utilizzati per l&#8217;accertamento di responsabilit\u00e0 in caso di ipotetici reati informatici ai danni del sito.<\/p>\n<p>Activart Srl pu\u00f2 raccogliere, registrare e analizzare le informazioni dei visitatori sul proprio sito web. Potremmo registrare il tuo indirizzo IP ed utilizzare i cookie. Activart Srl pu\u00f2 raccogliere ed elaborare qualsiasi dato personale che ci fornisci volontariamente nei moduli del nostro sito Web, ad esempio quando ti registri per eventi o ti iscrivi per ricevere informazioni e newsletter. Se fornisci ad Activart Srl i tuoi dettagli sui social media, Activart Srl potr\u00e0 recuperare informazioni pubblicamente disponibili su di te dai social media. Tali Dati Personali possono comprendere indirizzo IP, nome e cognome, indirizzo postale e e-mail, numero di telefono, titolo di lavoro, dati per i social network, aree di interesse, interesse per i prodotti e servizi di Activart Srl ed alcune informazioni sulla societ\u00e0 per la quale lavori (nome e indirizzo dell&#8217;azienda), nonch\u00e9 informazioni sul tipo di relazione esistente tra Activart Srl e te stesso.<\/p>\n<p>Activart Srl raccoglie dati sulle visite al sito Web, inclusi il numero di visitatori e visite, i dati relativi alla posizione geografica, il tempo trascorso sul sito, le pagine su cui si \u00e8 fatto clic o da dove siano arrivati i visitatori.<\/p>\n<p>4.2 Finalit\u00e0 del trattamento dei dati personali<\/p>\n<p>Activart Srl utilizza i dati raccolti per comunicare con i visitatori, per personalizzare i contenuti, per mostrare annunci su altri siti Web ai visitatori e per migliorare il proprio sito web analizzando il modo in cui i visitatori navigano nel nostro sito web. I Dati dell\u2019utente e del visitatore sono inoltre raccolti per consentire al Titolare di fornire i propri servizi, cos\u00ec come per le seguenti finalit\u00e0: statistica, visualizzazione di contenuti da piattaforme esterne, contattare l&#8217;utente\/visitatore ed interazione con i social network e le piattaforme esterne.<\/p>\n<p>4.3 Condivisione di dati personali<\/p>\n<p>Activart Srl pu\u00f2 anche condividere tali informazioni con fornitori di servizi o appaltatori al fine di fornire un servizio o una transazione richiesta o allo scopo di analizzare il comportamento dei visitatori sul proprio sito web.<\/p>\n<p>4.4 Cookies<\/p>\n<p>I cookie sono piccole informazioni inviate da un sito Web all&#8217;hard disk di un visitatore. I cookie non possono essere utilizzati per eseguire programmi o inviare virus al tuo computer. Continuando a visitare il sito Web, accetti il posizionamento di cookie sul tuo dispositivo. Se si sceglie di non accettare i nostri cookie, non possiamo garantire che la vostra esperienza sar\u00e0 soddisfacente come sarebbe altrimenti. Possiamo anche inserire cookie di terze parti per scopi funzionali e di marketing. L&#8217;uso dei cookie \u00e8 diffuso ed avvantaggia il visitatore del sito web. Per ulteriori informazioni, <u>\u200b<\/u><u><a href=\"https:\/\/www.iubenda.com\/privacy-policy\/907892\/cookie-policy\" target=\"_blank\" rel=\"noopener noreferrer\">consultare la Politica sui cookie di Activart Srl<\/a>.<\/u><\/p>\n<p>4.5 Collegamenti ad altri siti<\/p>\n<p>Si prega di essere consapevoli del fatto che durante la visita al nostro sito, i visitatori potrebbero accedere a collegamenti ad altri siti esterni che sono al di fuori della nostra sfera di influenza. Activart Srl non \u00e8 quindi responsabile per il contenuto o la politica sulla privacy di questi altri siti.<\/p>\n<p>4.6 Servizi di terze parti<\/p>\n<p>Questo sito web potrebbe utilizzare Google Analytics, un servizio di analisi fornito da Google, Inc. (&#8220;Google&#8221;), al fine di migliorare la sua usabilit\u00e0 e comunicazione con gli utenti, stimare il grado di internazionalizzazione degli utenti, promuovere attivit\u00e0 istituzionali e personalizzare e analizzare i vari tipi di utenti.<\/p>\n<p>Per ulteriori informazioni sulle Norme sulla privacy di Google Inc, consultare <a href=\"http:\/\/www.google.it\/analytics\/terms\/it.html\" target=\"_blank\" rel=\"noopener noreferrer\"><u>http:\/\/www.google.it\/analytics\/terms\/it.html<\/u><\/a><\/p>\n<p>Per la gestione dei contatti e per contattare gli utenti interessati ai servizio Activart Srl e per coloro che hanno sottoscritto la mailing list, utilizziamo il servizio Mailchimp di Mailchimp Inc. Le informazioni personali raccolte dal servizio Mailchimp includono solo indirizzi e-mail e nomi forniti dagli utenti. Per maggiori informazioni consulta l&#8217;informativa sulla privacy di Mailchimp: <u>\u200b<\/u><a href=\"http:\/\/mailchimp.com\/legal\/privacy\/\" target=\"_blank\" rel=\"noopener noreferrer\"><u>http:\/\/mailchimp.com\/legal\/privacy\/<\/u><\/a><\/p>\n<h3>5. Periodo di conservazione. Ritenzione e cancellazione<\/h3>\n<p>I dati raccolti verranno conservati per un arco di tempo non superiore al conseguimento delle finalit\u00e0 per le quali sono trattati o in base alle scadenze previste dalle norme di legge. Activart Srl non conserver\u00e0 i dati pi\u00f9 a lungo del necessario per adempiere agli scopi per cui sono stati raccolti o come richiesto dalle leggi o dai regolamenti applicabili. Per quanto concerne le aree riservate del sito, trascorso il termine previsto,quando l&#8217;account di un utente viene chiuso od \u00e8 scaduto, tutti i dati personali raccolti tramite il sito web verranno eliminati, come richiesto dalla legge vigente.<\/p>\n<h3>6. Modalit\u00e0 di trattamento dei dati<\/h3>\n<p>Il trattamento potr\u00e0 essere effettuato sia con strumenti manuali e\/o informatici e telematici con logiche di organizzazione ed elaborazione strettamente correlate alle finalit\u00e0 stesse e comunque in modo da garantire la sicurezza, l&#8217;integrit\u00e0 e la riservatezza dei dati stessi nel rispetto delle misure organizzative, fisiche e logiche previste dalle disposizioni vigenti. Activart Srl adotta specifiche misure di sicurezza,che\u00a0 sono osservate per prevenire la perdita dei dati, usi illeciti o non corretti ed accessi non autorizzati.<\/p>\n<p>Oltre al Titolare, in alcuni casi, potrebbero avere accesso ai Dati categorie di incaricati coinvolti nell\u2019organizzazione del sito (personale amministrativo, commerciale, marketing, legali, amministratori di sistema) ovvero soggetti esterni (come fornitori di servizi tecnici terzi, hosting provider, societ\u00e0 informatiche). Il trattamento dei tuoi dati ha come base giuridica il tuo consenso, che \u00e8 obbligatorio per continuare a visitare questo sito. Nei limiti pertinenti alle finalit\u00e0 di trattamento indicate, i tuoi dati potranno essere comunicati a partner, societ\u00e0 di consulenza, aziende private, nominati Responsabili dal Titolare del Trattamento o per obblighi di legge o per adempiere a vostre specifiche richieste.<\/p>\n<h3>7. Diritti degli interessati<\/h3>\n<p>L\u2019utente od il visitatore potr\u00e0, in qualsiasi momento, esercitare i diritti: di accesso ai dati personali; di ottenere la rettifica o la cancellazione degli stessi o la limitazione del trattamento che lo riguardano; di opporsi al trattamento; alla portabilit\u00e0 dei dati; di revocare il consenso, ove previsto (la revoca del consenso non pregiudica la liceit\u00e0 del trattamento basata sul consenso conferito prima della revoca); di proporre reclamo all&#8217;autorit\u00e0 di controllo (Garante Privacy).<\/p>\n<p>L\u2019esercizio dei suoi diritti potr\u00e0 avvenire attraverso l\u2019invio di una richiesta mediante email all\u2019indirizzo<\/p>\n<ul>\n<li>via e-mail, all&#8217;indirizzo: <u>\u200b<\/u><a href=\"mailto:legal@activartcompany.com\"><u>legal@activartcompany.com<\/u><\/a><\/li>\n<li>oppure via posta, ad Activart Srl, Via Alfonso Casati, 131, 20862 Arcore (MB) &#8211; Italy<\/li>\n<\/ul>\n<h3><\/h3>\n<h3>8. Difesa ed abusi nell\u2019utilizzo del sito Web.<\/h3>\n<p>Activart Srl potr\u00e0 utilizzare in giudizio, o nelle fasi ad esso propedeutiche, i dati personali del visitatore o dell\u2019utente, per la difesa da abusi nell&#8217;utilizzo di questo sito Web o dei servizi connessi da parte dell\u2019utente o visitatore. Infine le pubbliche autorit\u00e0 potrebbero richiedere tali dati al Titolare, che sar\u00e0 obbligato a fornirli alle autorit\u00e0 competenti.<\/p>\n<h3>9. Accettazione di queste condizioni<\/h3>\n<p>Partiamo dal presupposto che tutti i visitatori del nostro sito Web abbiano letto attentamente questo documento e ne accettino i contenuti. Se qualcuno non \u00e8 d&#8217;accordo con questa politica sulla privacy, dovrebbero astenersi dall&#8217;utilizzare il nostro sito Web. Ci riserviamo il diritto di modificare la nostra politica sulla privacy secondo le necessit\u00e0. L&#8217;uso continuato del sito Web, dopo essere stati informati di tali modifiche a queste condizioni, implica l&#8217;accettazione della politica sulla privacy rivista. Se un utente si oppone a una qualsiasi delle modifiche alla Politica, deve interrompere l&#8217;utilizzo di questo sito Web e pu\u00f2 richiedere che il Titolare dei dati rimuova i suoi dati personali. In caso di dubbi sulla presente privacy policy o su come Activart Srl gestisce i tuoi dati, ti preghiamo di inviarci una email a:<\/p>\n<p><a href=\"mailto:legal@activartcompany.com\"><u>legal@activartcompany.com<\/u><\/a><\/p>\n<h3>10. Per ulteriori informazioni<\/h3>\n<p>Se hai ulteriori domande sui dati raccolti da Activart Srl o\u00a0 su come li utilizziamo, non esitare a contattarci via email all&#8217;indirizzo <u>\u200b<\/u><u>legal@activartcompany.com<\/u><\/p>\n<p>Per le questioni relative alla privacy e alla protezione dei dati puoi contattarci al seguente indirizzo:<\/p>\n<p><a href=\"mailto:legal@activartcompany.com\"><u>legal@activartcompany.com<\/u><\/a> Via Alfonso Casati, 131<\/p>\n<p>20862 Arcore (MB) &#8211; Italy<\/p>\n<\/div><\/div><\/div><div class=\"fusion-clearfix\"><\/div><\/div><\/div><\/div><\/div><style type=\"text\/css\">.fusion-fullwidth.fusion-builder-row-1 a:not(.fusion-button):not(.fusion-builder-module-control):not(.fusion-social-network-icon):not(.fb-icon-element):not(.fusion-countdown-link):not(.fusion-rollover-link):not(.fusion-rollover-gallery):not(.fusion-button-bar):not(.add_to_cart_button):not(.show_details_button):not(.product_type_external):not(.fusion-quick-view):not(.fusion-rollover-title-link):not(.fusion-breadcrumb-link) , .fusion-fullwidth.fusion-builder-row-1 a:not(.fusion-button):not(.fusion-builder-module-control):not(.fusion-social-network-icon):not(.fb-icon-element):not(.fusion-countdown-link):not(.fusion-rollover-link):not(.fusion-rollover-gallery):not(.fusion-button-bar):not(.add_to_cart_button):not(.show_details_button):not(.product_type_external):not(.fusion-quick-view):not(.fusion-rollover-title-link):not(.fusion-breadcrumb-link):before, .fusion-fullwidth.fusion-builder-row-1 a:not(.fusion-button):not(.fusion-builder-module-control):not(.fusion-social-network-icon):not(.fb-icon-element):not(.fusion-countdown-link):not(.fusion-rollover-link):not(.fusion-rollover-gallery):not(.fusion-button-bar):not(.add_to_cart_button):not(.show_details_button):not(.product_type_external):not(.fusion-quick-view):not(.fusion-rollover-title-link):not(.fusion-breadcrumb-link):after {color: #006490;}.fusion-fullwidth.fusion-builder-row-1 a:not(.fusion-button):not(.fusion-builder-module-control):not(.fusion-social-network-icon):not(.fb-icon-element):not(.fusion-countdown-link):not(.fusion-rollover-link):not(.fusion-rollover-gallery):not(.fusion-button-bar):not(.add_to_cart_button):not(.show_details_button):not(.product_type_external):not(.fusion-quick-view):not(.fusion-rollover-title-link):not(.fusion-breadcrumb-link):hover, .fusion-fullwidth.fusion-builder-row-1 a:not(.fusion-button):not(.fusion-builder-module-control):not(.fusion-social-network-icon):not(.fb-icon-element):not(.fusion-countdown-link):not(.fusion-rollover-link):not(.fusion-rollover-gallery):not(.fusion-button-bar):not(.add_to_cart_button):not(.show_details_button):not(.product_type_external):not(.fusion-quick-view):not(.fusion-rollover-title-link):not(.fusion-breadcrumb-link):hover:before, .fusion-fullwidth.fusion-builder-row-1 a:not(.fusion-button):not(.fusion-builder-module-control):not(.fusion-social-network-icon):not(.fb-icon-element):not(.fusion-countdown-link):not(.fusion-rollover-link):not(.fusion-rollover-gallery):not(.fusion-button-bar):not(.add_to_cart_button):not(.show_details_button):not(.product_type_external):not(.fusion-quick-view):not(.fusion-rollover-title-link):not(.fusion-breadcrumb-link):hover:after {color: #c7d402;}.fusion-fullwidth.fusion-builder-row-1 .pagination a.inactive:hover, .fusion-fullwidth.fusion-builder-row-1 .fusion-filters .fusion-filter.fusion-active a {border-color: #c7d402;}.fusion-fullwidth.fusion-builder-row-1 .pagination .current {border-color: #c7d402; background-color: #c7d402;}.fusion-fullwidth.fusion-builder-row-1 .fusion-filters .fusion-filter.fusion-active a, .fusion-fullwidth.fusion-builder-row-1 .fusion-date-and-formats .fusion-format-box, .fusion-fullwidth.fusion-builder-row-1 .fusion-popover, .fusion-fullwidth.fusion-builder-row-1 .tooltip-shortcode {color: #c7d402;}#main .fusion-fullwidth.fusion-builder-row-1 .post .blog-shortcode-post-title a:hover {color: #c7d402;}<\/style>\n","protected":false},"excerpt":{"rendered":"","protected":false},"author":2,"featured_media":0,"parent":0,"menu_order":0,"comment_status":"closed","ping_status":"closed","template":"100-width.php","meta":[],"yoast_head":"<!-- This site is optimized with the Yoast SEO plugin v15.9.2 - https:\/\/yoast.com\/wordpress\/plugins\/seo\/ -->\n<title>Privacy Policy - Ospitalia<\/title>\n<link rel=\"canonical\" href=\"https:\/\/ospitalia.org\/index.php\/privacy-policy\/\" \/>\n<meta property=\"og:locale\" content=\"it_IT\" \/>\n<meta property=\"og:type\" content=\"article\" \/>\n<meta property=\"og:title\" content=\"Privacy Policy - Ospitalia\" \/>\n<meta property=\"og:url\" content=\"https:\/\/ospitalia.org\/index.php\/privacy-policy\/\" \/>\n<meta property=\"og:site_name\" content=\"Ospitalia\" \/>\n<meta property=\"article:modified_time\" content=\"2020-09-16T14:00:24+00:00\" \/>\n<meta name=\"twitter:card\" content=\"summary_large_image\" \/>\n<meta name=\"twitter:label1\" content=\"Tempo di lettura stimato\">\n\t<meta name=\"twitter:data1\" content=\"10 minuti\">\n<script type=\"application\/ld+json\" class=\"yoast-schema-graph\">{\"@context\":\"https:\/\/schema.org\",\"@graph\":[{\"@type\":\"WebSite\",\"@id\":\"https:\/\/ospitalia.org\/index.php\/en\/ospitalia-en\/#website\",\"url\":\"https:\/\/ospitalia.org\/index.php\/en\/ospitalia-en\/\",\"name\":\"Ospitalia\",\"description\":\"\",\"potentialAction\":[{\"@type\":\"SearchAction\",\"target\":\"https:\/\/ospitalia.org\/index.php\/en\/ospitalia-en\/?s={search_term_string}\",\"query-input\":\"required name=search_term_string\"}],\"inLanguage\":\"it-IT\"},{\"@type\":\"WebPage\",\"@id\":\"https:\/\/ospitalia.org\/index.php\/privacy-policy\/#webpage\",\"url\":\"https:\/\/ospitalia.org\/index.php\/privacy-policy\/\",\"name\":\"Privacy Policy - Ospitalia\",\"isPartOf\":{\"@id\":\"https:\/\/ospitalia.org\/index.php\/en\/ospitalia-en\/#website\"},\"datePublished\":\"2020-09-16T13:58:42+00:00\",\"dateModified\":\"2020-09-16T14:00:24+00:00\",\"breadcrumb\":{\"@id\":\"https:\/\/ospitalia.org\/index.php\/privacy-policy\/#breadcrumb\"},\"inLanguage\":\"it-IT\",\"potentialAction\":[{\"@type\":\"ReadAction\",\"target\":[\"https:\/\/ospitalia.org\/index.php\/privacy-policy\/\"]}]},{\"@type\":\"BreadcrumbList\",\"@id\":\"https:\/\/ospitalia.org\/index.php\/privacy-policy\/#breadcrumb\",\"itemListElement\":[{\"@type\":\"ListItem\",\"position\":1,\"item\":{\"@type\":\"WebPage\",\"@id\":\"https:\/\/ospitalia.org\/\",\"url\":\"https:\/\/ospitalia.org\/\",\"name\":\"Home\"}},{\"@type\":\"ListItem\",\"position\":2,\"item\":{\"@type\":\"WebPage\",\"@id\":\"https:\/\/ospitalia.org\/index.php\/privacy-policy\/\",\"url\":\"https:\/\/ospitalia.org\/index.php\/privacy-policy\/\",\"name\":\"Privacy Policy\"}}]}]}<\/script>\n<!-- \/ Yoast SEO plugin. -->","_links":{"self":[{"href":"https:\/\/ospitalia.org\/index.php\/wp-json\/wp\/v2\/pages\/4236"}],"collection":[{"href":"https:\/\/ospitalia.org\/index.php\/wp-json\/wp\/v2\/pages"}],"about":[{"href":"https:\/\/ospitalia.org\/index.php\/wp-json\/wp\/v2\/types\/page"}],"author":[{"embeddable":true,"href":"https:\/\/ospitalia.org\/index.php\/wp-json\/wp\/v2\/users\/2"}],"replies":[{"embeddable":true,"href":"https:\/\/ospitalia.org\/index.php\/wp-json\/wp\/v2\/comments?post=4236"}],"version-history":[{"count":5,"href":"https:\/\/ospitalia.org\/index.php\/wp-json\/wp\/v2\/pages\/4236\/revisions"}],"predecessor-version":[{"id":4242,"href":"https:\/\/ospitalia.org\/index.php\/wp-json\/wp\/v2\/pages\/4236\/revisions\/4242"}],"wp:attachment":[{"href":"https:\/\/ospitalia.org\/index.php\/wp-json\/wp\/v2\/media?parent=4236"}],"curies":[{"name":"wp","href":"https:\/\/api.w.org\/{rel}","templated":true}]}}